{"id":26,"date":"2024-03-15T10:05:18","date_gmt":"2024-03-15T10:05:18","guid":{"rendered":"https:\/\/zz.mado.live\/about\/"},"modified":"2025-07-04T13:00:31","modified_gmt":"2025-07-04T13:00:31","slug":"about","status":"publish","type":"page","link":"https:\/\/perfumeapp.com.tr\/tr\/about\/","title":{"rendered":"Hakk\u0131m\u0131zda"},"content":{"rendered":"<section class=\"bde-section-26-114 bde-section\">\n              \n  \n  \n\t\n\n  <div class=\"section-background-overlay\"><\/div>\n\n\n<div class=\"section-container\"><h1 class=\"bde-heading-26-115 bde-heading\">\nHakk\u0131m\u0131zda\n<\/h1><\/div>\n<\/section><section class=\"bde-section-26-153 bde-section\">\n  \n  \n\t\n\n\n\n<div class=\"section-container\"><div class=\"bde-woo-breadcrumb-26-154 bde-woo-breadcrumb breakdance-woocommerce\">\n<nav class=\"woocommerce-breadcrumb\" aria-label=\"Breadcrumb\" data-no-translation=\"\" data-trp-gettext=\"\">Anasayfa<\/nav>\n<\/div><\/div>\n<\/section><section class=\"bde-section-26-100 bde-section\">\n  \n  \n\t\n\n\n\n<div class=\"section-container\"><div class=\"bde-columns-26-106 bde-columns\"><div class=\"bde-column-26-107 bde-column\">\n  \n  \n\t\n\n\n\n<div class=\"bde-image-26-108 bde-image\">\n<figure class=\"breakdance-image breakdance-image--1922\">\n\t<div class=\"breakdance-image-container\">\n\t\t<div class=\"breakdance-image-clip\"><img loading=\"lazy\" decoding=\"async\" class=\"breakdance-image-object\" src=\"https:\/\/perfumeapp.com.tr\/wp-content\/uploads\/2024\/05\/does-perfume-expire-hero-mudc-042820.webp\" width=\"705\" height=\"529\" srcset=\"https:\/\/perfumeapp.com.tr\/wp-content\/uploads\/2024\/05\/does-perfume-expire-hero-mudc-042820.webp 705w, https:\/\/perfumeapp.com.tr\/wp-content\/uploads\/2024\/05\/does-perfume-expire-hero-mudc-042820-300x225.webp 300w, https:\/\/perfumeapp.com.tr\/wp-content\/uploads\/2024\/05\/does-perfume-expire-hero-mudc-042820-600x450.webp 600w\" sizes=\"auto, (max-width: 705px) 100vw, 705px\"><\/div>\n\t<\/div><\/figure>\n\n<\/div>\n<\/div><div class=\"bde-column-26-109 bde-column\">\n  \n  \n\t\n\n\n\n<div class=\"bde-text-26-110 bde-text\">\nPerfumeApp Hakk\u0131nda\n<\/div><div class=\"bde-text-26-112 bde-text\">\nDo\u011fan\u0131n g\u00fczelliklerinden esinlenmi\u015f kokular\u0131n her birimizin duygular\u0131n\u0131 tetikledi\u011fi, kimli\u011fini yans\u0131tabil\u011fi ve ki\u015fili\u011fini \u00f6ne \u00e7\u0131karabildi\u011fini farkettik. Bununla beraber bir\u00e7o\u011fumuzun kendi tarz\u0131n\u0131 ger\u00e7ek anlamda ya\u015fayabildi\u011fi -kendisine has- kokuyu bulamad\u0131\u011f\u0131n\u0131 da g\u00f6zlemledik. Ki\u015fiye uygun parf\u00fcm\u00fc se\u00e7me veya tasarlama imkan\u0131 sundu\u011fumuz (PerfumeApp) platformumuzla \u201cfark ortaya koymak ve harmonik bir imaj yaratma\u201dn\u0131n muhte\u015fem bir s\u0131rr\u0131n\u0131 a\u00e7\u0131\u011fa \u00e7\u0131kar\u0131yoruz.\n<\/div>\n<\/div><\/div><\/div>\n<\/section><section class=\"bde-section-26-123 bde-section\">\n  \n  \n\t\n\n\n\n<div class=\"section-container\"><div class=\"bde-columns-26-132 bde-columns\"><div class=\"bde-column-26-135 bde-column\">\n  \n  \n\t\n\n\n\n<h2 class=\"bde-heading-26-136 bde-heading\">\nMisyon\n<\/h2><div class=\"bde-text-26-137 bde-text\">\nKullan\u0131c\u0131lar\u0131m\u0131za kendilerini yans\u0131tan parf\u00fcm\u00fc bulmalar\u0131 i\u00e7in \"kokular\u0131n arkas\u0131nda yatan duygu ve \u00f6zellikleri ke\u015ffetme\" imkan\u0131 sa\u011flarken, m\u00fc\u015fterilerimize \u201cki\u015filikleriyle uyu\u015fan \u00f6zel parf\u00fcmleri\u201d tasarlama olana\u011f\u0131 tan\u0131yoruz.\n<\/div><div class=\"bde-button-26-138 bde-button\">\n    \n                                    \n    \n    \n    \n    \n            \n                    \n            \n            \n\n    \n    \n    \n    \n    \n    <a class=\"breakdance-link button-atom button-atom--primary bde-button__button\" href=\"\/tr\/shop\/\" target=\"_self\" data-type=\"url\"  >\n\n    \n        <span class=\"button-atom__text\">koleksiyonlar\u0131 ke\u015ffedin<\/span>\n\n        \n        \n                <\/a>\n\n    \n\n\n<\/div>\n<\/div><div class=\"bde-column-26-133 bde-column\">\n  \n  \n\t\n\n\n\n<div class=\"bde-image-26-134 bde-image\">\n<figure class=\"breakdance-image breakdance-image--1922\">\n\t<div class=\"breakdance-image-container\">\n\t\t<div class=\"breakdance-image-clip\"><img loading=\"lazy\" decoding=\"async\" class=\"breakdance-image-object\" src=\"https:\/\/perfumeapp.com.tr\/wp-content\/uploads\/2024\/05\/does-perfume-expire-hero-mudc-042820.webp\" width=\"705\" height=\"529\" srcset=\"https:\/\/perfumeapp.com.tr\/wp-content\/uploads\/2024\/05\/does-perfume-expire-hero-mudc-042820.webp 705w, https:\/\/perfumeapp.com.tr\/wp-content\/uploads\/2024\/05\/does-perfume-expire-hero-mudc-042820-300x225.webp 300w, https:\/\/perfumeapp.com.tr\/wp-content\/uploads\/2024\/05\/does-perfume-expire-hero-mudc-042820-600x450.webp 600w\" sizes=\"auto, (max-width: 705px) 100vw, 705px\"><\/div>\n\t<\/div><\/figure>\n\n<\/div>\n<\/div><\/div><div class=\"bde-columns-26-124 bde-columns\"><div class=\"bde-column-26-125 bde-column\">\n  \n  \n\t\n\n\n\n<div class=\"bde-image-26-127 bde-image\">\n<figure class=\"breakdance-image breakdance-image--1923\">\n\t<div class=\"breakdance-image-container\">\n\t\t<div class=\"breakdance-image-clip\"><img loading=\"lazy\" decoding=\"async\" class=\"breakdance-image-object\" src=\"https:\/\/perfumeapp.com.tr\/wp-content\/uploads\/2024\/05\/original-0405_61306_LF_WC_Vanilla_Takeover_Batching_Amend1_672x448.avif\" width=\"672\" height=\"448\" srcset=\"https:\/\/perfumeapp.com.tr\/wp-content\/uploads\/2024\/05\/original-0405_61306_LF_WC_Vanilla_Takeover_Batching_Amend1_672x448.avif 672w, https:\/\/perfumeapp.com.tr\/wp-content\/uploads\/2024\/05\/original-0405_61306_LF_WC_Vanilla_Takeover_Batching_Amend1_672x448-300x200.avif 300w, https:\/\/perfumeapp.com.tr\/wp-content\/uploads\/2024\/05\/original-0405_61306_LF_WC_Vanilla_Takeover_Batching_Amend1_672x448-600x400.avif 600w\" sizes=\"auto, (max-width: 672px) 100vw, 672px\"><\/div>\n\t<\/div><\/figure>\n\n<\/div>\n<\/div><div class=\"bde-column-26-126 bde-column\">\n  \n  \n\t\n\n\n\n<h2 class=\"bde-heading-26-128 bde-heading\">\nVizyon\n<\/h2><div class=\"bde-text-26-131 bde-text\">\n1. Parf\u00fcmlerin ve notalar\u0131n; kal\u0131c\u0131l\u0131k s\u00fcresi, ki\u015filik \u00f6zellikleriyle ili\u015fkisi, yans\u0131tt\u0131\u011f\u0131 duygular ve benzedi\u011fi renkler konular\u0131nda d\u00fcnyada ilk referans olmak.<br>2. En \u00e7ok tercih edilen parf\u00fcm platformu olmak\n<\/div><div class=\"bde-button-26-130 bde-button\">\n    \n                                    \n    \n    \n    \n    \n            \n                    \n            \n            \n\n    \n    \n    \n    \n    \n    <a class=\"breakdance-link button-atom button-atom--primary bde-button__button\" href=\"https:\/\/perfumeapp.com.tr\/tr\/shop\/\" target=\"_self\" data-type=\"url\"  >\n\n    \n        <span class=\"button-atom__text\">\u015fimdi g\u00f6ster<\/span>\n\n        \n        \n                <\/a>\n\n    \n\n\n<\/div>\n<\/div><\/div><\/div>\n<\/section>","protected":false},"excerpt":{"rendered":"<p>Hakk\u0131m\u0131zda Anasayfa About PerfumeApp We have recognized that fragrances inspired by the beauty of nature can trigger our emotions, reflect our identities, and highlight our personalities. At the same time, we have observed that many individuals struggle to truly express their style and find a signature scent. With our PerfumeApp platform, we aim to [&hellip;]<\/p>","protected":false},"author":1,"featured_media":0,"parent":0,"menu_order":0,"comment_status":"closed","ping_status":"closed","template":"","meta":{"_acf_changed":false,"_breakdance_hide_in_design_set":false,"_breakdance_tags":"","footnotes":""},"class_list":["post-26","page","type-page","status-publish","hentry"],"acf":[],"_links":{"self":[{"href":"https:\/\/perfumeapp.com.tr\/tr\/wp-json\/wp\/v2\/pages\/26","targetHints":{"allow":["GET"]}}],"collection":[{"href":"https:\/\/perfumeapp.com.tr\/tr\/wp-json\/wp\/v2\/pages"}],"about":[{"href":"https:\/\/perfumeapp.com.tr\/tr\/wp-json\/wp\/v2\/types\/page"}],"author":[{"embeddable":true,"href":"https:\/\/perfumeapp.com.tr\/tr\/wp-json\/wp\/v2\/users\/1"}],"replies":[{"embeddable":true,"href":"https:\/\/perfumeapp.com.tr\/tr\/wp-json\/wp\/v2\/comments?post=26"}],"version-history":[{"count":1,"href":"https:\/\/perfumeapp.com.tr\/tr\/wp-json\/wp\/v2\/pages\/26\/revisions"}],"predecessor-version":[{"id":3601,"href":"https:\/\/perfumeapp.com.tr\/tr\/wp-json\/wp\/v2\/pages\/26\/revisions\/3601"}],"wp:attachment":[{"href":"https:\/\/perfumeapp.com.tr\/tr\/wp-json\/wp\/v2\/media?parent=26"}],"curies":[{"name":"wp","href":"https:\/\/api.w.org\/{rel}","templated":true}]}}